{"id":309,"date":"2025-03-19T11:04:08","date_gmt":"2025-03-19T10:04:08","guid":{"rendered":"https:\/\/trikuarena.eu\/?page_id=309"},"modified":"2025-11-09T11:34:16","modified_gmt":"2025-11-09T10:34:16","slug":"politica-de-privacidad","status":"publish","type":"page","link":"https:\/\/trikuarena.eu\/es\/politica-de-privacidad\/","title":{"rendered":"Pol\u00edtica de privacidad"},"content":{"rendered":"<div data-elementor-type=\"wp-page\" data-elementor-id=\"309\" class=\"elementor elementor-309\" data-elementor-post-type=\"page\">\n\t\t\t\t\t\t<section class=\"elementor-section elementor-top-section elementor-element elementor-element-7c024cd8 elementor-section-content-top elementor-section-boxed elementor-section-height-default elementor-section-height-default\" data-id=\"7c024cd8\" data-element_type=\"section\" data-settings=\"{&quot;background_background&quot;:&quot;classic&quot;}\">\n\t\t\t\t\t\t<div class=\"elementor-container elementor-column-gap-wide\">\n\t\t\t\t\t<div class=\"elementor-column elementor-col-100 elementor-top-column elementor-element elementor-element-2ca766c0\" data-id=\"2ca766c0\" data-element_type=\"column\">\n\t\t\t<div class=\"elementor-widget-wrap elementor-element-populated\">\n\t\t\t\t\t\t<div class=\"elementor-element elementor-element-39aa3d09 elementor-widget elementor-widget-text-editor\" data-id=\"39aa3d09\" data-element_type=\"widget\" data-widget_type=\"text-editor.default\">\n\t\t\t\t<div class=\"elementor-widget-container\">\n\t\t\t\t\t\t\t\t\t<p>Ibon Plazaola Okariz es el propietario de esta p\u00e1gina web y se compromete a garantizar que su privacidad est\u00e9 protegida. Esta pol\u00edtica de privacidad explica c\u00f3mo usamos la informaci\u00f3n personal que recopilamos a trav\u00e9s de nuestro sitio web y otros canales digitales, en cumplimiento con el Reglamento General de Protecci\u00f3n de Datos (RGPD) (UE 2016\/679) y la Ley Org\u00e1nica 3\/2018, de Protecci\u00f3n de Datos Personales y garant\u00eda de los derechos digitales (LOPDGDD).<\/p><p><strong>Responsable del tratamiento de datos<\/strong><\/p><ul><li><strong>Responsable:<\/strong>: Ibon Plazaola Okariz<\/li><li class=\"translation-block\"><strong>NIF<\/strong>: 72454796N<\/li><li class=\"translation-block\"><strong>Domicilio social<\/strong>: Ospitale kalea 2, 01208 Narbaiza (Araba)<\/li><li class=\"translation-block\"><strong>Correo electr\u00f3nico<\/strong>: <a href=\"mailto:ibonplok@gmail.com\" target=\"_self\">ibonplok@trikuarena.eu<\/a><\/li><\/ul><p><br \/><strong>Qu\u00e9 informaci\u00f3n recopilamos<\/strong><\/p><p>Podemos recopilar la siguiente informaci\u00f3n personal:<\/p><ul><li>Nombre y apellidos.<\/li><li>Informaci\u00f3n de contacto, incluyendo direcci\u00f3n de correo electr\u00f3nico y n\u00famero de tel\u00e9fono.<\/li><li>Informaci\u00f3n demogr\u00e1fica, como c\u00f3digo postal, preferencias e intereses.<\/li><li>Informaci\u00f3n t\u00e9cnica, como direcci\u00f3n IP, tipo de navegador y datos de navegaci\u00f3n (cookies).<\/li><\/ul><p><br \/><strong>Finalidad del tratamiento de datos<\/strong><\/p><p>Recopilamos esta informaci\u00f3n para ofrecer mejores servicios y, en particular, por las siguientes razones:<\/p><ul><li class=\"translation-block\"><strong>Gesti\u00f3n de consultas<\/strong>: para responder a preguntas, solicitudes o proporcionar informaci\u00f3n.<\/li><li class=\"translation-block\"><strong>Mejora de nuestros productos y servicios<\/strong>: utilizamos los datos para an\u00e1lisis internos.<\/li><li class=\"translation-block\"><strong>Comunicaciones comerciales<\/strong>: con su consentimiento expreso, podemos enviarle informaci\u00f3n promocional sobre productos, servicios o eventos que creemos que pueden interesarle.<\/li><li class=\"translation-block\"><strong>Cumplimiento de obligaciones legales<\/strong>: cuando sea necesario, procesaremos sus datos para cumplir con nuestras obligaciones legales.<\/li><\/ul><p><br \/><strong>Legitimaci\u00f3n para el tratamiento de los datos<\/strong><\/p><p class=\"translation-block\">La base legal para el tratamiento de sus datos es el  <strong>consentimiento expl\u00edcito<\/strong> proporcionado por usted al aceptar esta pol\u00edtica de privacidad y facilitarnos su informaci\u00f3n personal.<\/p><p><strong>Derechos de los usuarios<\/strong><\/p><p>Como titular de los datos personales, usted tiene derecho a:<\/p><ul><li class=\"translation-block\"><strong>Acceder <\/strong> a sus datos personales.<\/li><li class=\"translation-block\"><strong>Rectificar<\/strong> cualquier dato incorrecto o incompleto.<\/li><li class=\"translation-block\"><strong>Solicitar la supresi\u00f3n <\/strong> de sus datos cuando ya no sean necesarios para los fines para los que fueron recogidos.<\/li><li class=\"translation-block\"><strong>Limitar el tratamiento <\/strong> de sus datos bajo ciertas circunstancias.<\/li><li class=\"translation-block\"><strong>Oponerse<\/strong> al tratamiento de sus datos con fines comerciales.<\/li><li class=\"translation-block\"><strong>Portar<\/strong> sus datos a otro responsable cuando sea t\u00e9cnicamente posible.<\/li><\/ul><p class=\"translation-block\"><br>Puede ejercer estos derechos enviando un correo electr\u00f3nico a <a href=\"mailto:ibonplok@gmail.com\" target=\"_self\">ibonplok@trikuarena.eu<\/a><strong><em>\u00a0<\/em><\/strong>o por correo postal a nuestra direcci\u00f3n indicada anteriormente. En todos los casos, deber\u00e1 incluir una copia de su documento de identidad para poder verificar su identidad.<\/p><p><strong>Seguridad de los datos<\/strong><\/p><p>Ibon Plazaola Okariz se compromete a garantizar que su informaci\u00f3n est\u00e9 segura. Para evitar el acceso no autorizado o la divulgaci\u00f3n de sus datos personales, hemos implantado medidas de seguridad f\u00edsicas, electr\u00f3nicas y administrativas adecuadas.<\/p><p><strong>Uso de cookies<\/strong><\/p><p class=\"translation-block\">Nuestro sitio web utiliza cookies para recopilar informaci\u00f3n t\u00e9cnica y mejorar su experiencia de usuario. Para m\u00e1s detalles sobre c\u00f3mo usamos las cookies, por favor consulte el apartado de  <strong>Cookies<\/strong>.<\/p><p><strong>Retenci\u00f3n de datos<\/strong><\/p><p>Sus datos personales se conservar\u00e1n mientras exista una relaci\u00f3n comercial o mientras no se solicite su supresi\u00f3n por el interesado, siempre en cumplimiento de los plazos establecidos por la normativa vigente.<\/p><p><strong>Cambios en la pol\u00edtica de privacidad<\/strong><\/p><p>Ibon Plazaola Okariz se reserva el derecho de modificar esta pol\u00edtica de privacidad en cualquier momento. Cualquier cambio ser\u00e1 comunicado a trav\u00e9s de este sitio web.<\/p><p><strong>Contacto<\/strong><\/p><p class=\"translation-block\">Si tiene alguna duda sobre esta pol\u00edtica de privacidad o sobre c\u00f3mo tratamos sus datos personales, puede ponerse en contacto con Ibon Plazaola Okariz a trav\u00e9s de <a href=\"mailto:ibonplok@gmail.com\" target=\"_self\">ibonplok@trikuarena.eu<\/a>.<\/p><p>\u00a0<\/p>\t\t\t\t\t\t\t\t<\/div>\n\t\t\t\t<\/div>\n\t\t\t\t\t<\/div>\n\t\t<\/div>\n\t\t\t\t\t<\/div>\n\t\t<\/section>\n\t\t\t\t<\/div>","protected":false},"excerpt":{"rendered":"<p>Ibon Plazaola Okariz da webgune honen jabea, eta nornahiren pribatutasuna babesteko konpromisoa hartzen du. Pribatutasun-politika honek azaltzen du nola erabiltzen dugun gure webgunearen eta beste kanal digital batzuen bidez biltzen dugun informazio pertsonala, Datuak Babesteko Erregelamendu Orokorra (DBEO) (EB 2016\/679) eta Datu Pertsonalak Babesteko eta Eskubide Digitalak Bermatzeko 3\/2018 Lege Organikoa (DPBLO) betez. Datuen tratamenduaren&hellip;&nbsp;<a href=\"https:\/\/trikuarena.eu\/es\/politica-de-privacidad\/\" rel=\"bookmark\">Leer m\u00e1s &raquo;<span class=\"screen-reader-text\">Pol\u00edtica de privacidad<\/span><\/a><\/p>","protected":false},"author":1,"featured_media":0,"parent":0,"menu_order":0,"comment_status":"closed","ping_status":"closed","template":"page-templates\/template-pagebuilder-full-width.php","meta":{"neve_meta_sidebar":"","neve_meta_container":"","neve_meta_enable_content_width":"off","neve_meta_content_width":100,"neve_meta_title_alignment":"","neve_meta_author_avatar":"","neve_post_elements_order":"","neve_meta_disable_header":"","neve_meta_disable_footer":"","neve_meta_disable_title":"","footnotes":""},"class_list":["post-309","page","type-page","status-publish","hentry"],"yoast_head":"<!-- This site is optimized with the Yoast SEO plugin v25.3.1 - https:\/\/yoast.com\/wordpress\/plugins\/seo\/ -->\n<title>Pribatutasun-politika - Trikuarena \u2014 Ibon Plazaola Okariz<\/title>\n<meta name=\"robots\" content=\"index, follow, max-snippet:-1, max-image-preview:large, max-video-preview:-1\" \/>\n<link rel=\"canonical\" href=\"https:\/\/trikuarena.eu\/es\/politica-de-privacidad\/\" \/>\n<meta property=\"og:locale\" content=\"es_ES\" \/>\n<meta property=\"og:type\" content=\"article\" \/>\n<meta property=\"og:title\" content=\"Pribatutasun-politika - Trikuarena \u2014 Ibon Plazaola Okariz\" \/>\n<meta property=\"og:description\" content=\"Ibon Plazaola Okariz da webgune honen jabea, eta nornahiren pribatutasuna babesteko konpromisoa hartzen du. Pribatutasun-politika honek azaltzen du nola erabiltzen dugun gure webgunearen eta beste kanal digital batzuen bidez biltzen dugun informazio pertsonala, Datuak Babesteko Erregelamendu Orokorra (DBEO) (EB 2016\/679) eta Datu Pertsonalak Babesteko eta Eskubide Digitalak Bermatzeko 3\/2018 Lege Organikoa (DPBLO) betez. Datuen tratamenduaren&hellip;&nbsp;Leer m\u00e1s &raquo;Pribatutasun-politika\" \/>\n<meta property=\"og:url\" content=\"https:\/\/trikuarena.eu\/es\/politica-de-privacidad\/\" \/>\n<meta property=\"og:site_name\" content=\"Trikuarena \u2014 Ibon Plazaola Okariz\" \/>\n<meta property=\"article:modified_time\" content=\"2025-11-09T10:34:16+00:00\" \/>\n<meta name=\"twitter:card\" content=\"summary_large_image\" \/>\n<meta name=\"twitter:label1\" content=\"Tiempo de lectura\" \/>\n\t<meta name=\"twitter:data1\" content=\"2 minutos\" \/>\n<script type=\"application\/ld+json\" class=\"yoast-schema-graph\">{\"@context\":\"https:\/\/schema.org\",\"@graph\":[{\"@type\":\"WebPage\",\"@id\":\"https:\/\/trikuarena.eu\/eu\/politica-de-privacidad\/\",\"url\":\"https:\/\/trikuarena.eu\/eu\/politica-de-privacidad\/\",\"name\":\"Pribatutasun-politika - Trikuarena \u2014 Ibon Plazaola Okariz\",\"isPartOf\":{\"@id\":\"http:\/\/trikuarena.eu\/eu\/#website\"},\"datePublished\":\"2025-03-19T10:04:08+00:00\",\"dateModified\":\"2025-11-09T10:34:16+00:00\",\"breadcrumb\":{\"@id\":\"https:\/\/trikuarena.eu\/eu\/politica-de-privacidad\/#breadcrumb\"},\"inLanguage\":\"es\",\"potentialAction\":[{\"@type\":\"ReadAction\",\"target\":[\"https:\/\/trikuarena.eu\/eu\/politica-de-privacidad\/\"]}]},{\"@type\":\"BreadcrumbList\",\"@id\":\"https:\/\/trikuarena.eu\/eu\/politica-de-privacidad\/#breadcrumb\",\"itemListElement\":[{\"@type\":\"ListItem\",\"position\":1,\"name\":\"Portada\",\"item\":\"https:\/\/trikuarena.eu\/\"},{\"@type\":\"ListItem\",\"position\":2,\"name\":\"Pribatutasun-politika\"}]},{\"@type\":\"WebSite\",\"@id\":\"http:\/\/trikuarena.eu\/eu\/#website\",\"url\":\"http:\/\/trikuarena.eu\/eu\/\",\"name\":\"Trikuarena \u2014 Ibon Plazaola Okariz\",\"description\":\"Itzulpen- eta zuzenketa-zerbitzuak eskaintzen ditut\",\"publisher\":{\"@id\":\"http:\/\/trikuarena.eu\/eu\/#organization\"},\"potentialAction\":[{\"@type\":\"SearchAction\",\"target\":{\"@type\":\"EntryPoint\",\"urlTemplate\":\"http:\/\/trikuarena.eu\/eu\/?s={search_term_string}\"},\"query-input\":{\"@type\":\"PropertyValueSpecification\",\"valueRequired\":true,\"valueName\":\"search_term_string\"}}],\"inLanguage\":\"es\"},{\"@type\":\"Organization\",\"@id\":\"http:\/\/trikuarena.eu\/eu\/#organization\",\"name\":\"Trikuarena \u2014 Ibon Plazaola Okariz\",\"url\":\"http:\/\/trikuarena.eu\/eu\/\",\"logo\":{\"@type\":\"ImageObject\",\"inLanguage\":\"es\",\"@id\":\"http:\/\/trikuarena.eu\/eu\/#\/schema\/logo\/image\/\",\"url\":\"https:\/\/trikuarena.eu\/wp-content\/uploads\/2025\/03\/logo-agency.png\",\"contentUrl\":\"https:\/\/trikuarena.eu\/wp-content\/uploads\/2025\/03\/logo-agency.png\",\"width\":200,\"height\":200,\"caption\":\"Trikuarena \u2014 Ibon Plazaola Okariz\"},\"image\":{\"@id\":\"http:\/\/trikuarena.eu\/eu\/#\/schema\/logo\/image\/\"}}]}<\/script>\n<!-- \/ Yoast SEO plugin. -->","yoast_head_json":{"title":"Pribatutasun-politika - Trikuarena \u2014 Ibon Plazaola Okariz","robots":{"index":"index","follow":"follow","max-snippet":"max-snippet:-1","max-image-preview":"max-image-preview:large","max-video-preview":"max-video-preview:-1"},"canonical":"https:\/\/trikuarena.eu\/es\/politica-de-privacidad\/","og_locale":"es_ES","og_type":"article","og_title":"Pribatutasun-politika - Trikuarena \u2014 Ibon Plazaola Okariz","og_description":"Ibon Plazaola Okariz da webgune honen jabea, eta nornahiren pribatutasuna babesteko konpromisoa hartzen du. Pribatutasun-politika honek azaltzen du nola erabiltzen dugun gure webgunearen eta beste kanal digital batzuen bidez biltzen dugun informazio pertsonala, Datuak Babesteko Erregelamendu Orokorra (DBEO) (EB 2016\/679) eta Datu Pertsonalak Babesteko eta Eskubide Digitalak Bermatzeko 3\/2018 Lege Organikoa (DPBLO) betez. Datuen tratamenduaren&hellip;&nbsp;Leer m\u00e1s &raquo;Pribatutasun-politika","og_url":"https:\/\/trikuarena.eu\/es\/politica-de-privacidad\/","og_site_name":"Trikuarena \u2014 Ibon Plazaola Okariz","article_modified_time":"2025-11-09T10:34:16+00:00","twitter_card":"summary_large_image","twitter_misc":{"Tiempo de lectura":"2 minutos"},"schema":{"@context":"https:\/\/schema.org","@graph":[{"@type":"WebPage","@id":"https:\/\/trikuarena.eu\/eu\/politica-de-privacidad\/","url":"https:\/\/trikuarena.eu\/eu\/politica-de-privacidad\/","name":"Pribatutasun-politika - Trikuarena \u2014 Ibon Plazaola Okariz","isPartOf":{"@id":"http:\/\/trikuarena.eu\/eu\/#website"},"datePublished":"2025-03-19T10:04:08+00:00","dateModified":"2025-11-09T10:34:16+00:00","breadcrumb":{"@id":"https:\/\/trikuarena.eu\/eu\/politica-de-privacidad\/#breadcrumb"},"inLanguage":"es","potentialAction":[{"@type":"ReadAction","target":["https:\/\/trikuarena.eu\/eu\/politica-de-privacidad\/"]}]},{"@type":"BreadcrumbList","@id":"https:\/\/trikuarena.eu\/eu\/politica-de-privacidad\/#breadcrumb","itemListElement":[{"@type":"ListItem","position":1,"name":"Portada","item":"https:\/\/trikuarena.eu\/"},{"@type":"ListItem","position":2,"name":"Pribatutasun-politika"}]},{"@type":"WebSite","@id":"http:\/\/trikuarena.eu\/eu\/#website","url":"http:\/\/trikuarena.eu\/eu\/","name":"Trikuarena \u2014 Ibon Plazaola Okariz","description":"Itzulpen- eta zuzenketa-zerbitzuak eskaintzen ditut","publisher":{"@id":"http:\/\/trikuarena.eu\/eu\/#organization"},"potentialAction":[{"@type":"SearchAction","target":{"@type":"EntryPoint","urlTemplate":"http:\/\/trikuarena.eu\/eu\/?s={search_term_string}"},"query-input":{"@type":"PropertyValueSpecification","valueRequired":true,"valueName":"search_term_string"}}],"inLanguage":"es"},{"@type":"Organization","@id":"http:\/\/trikuarena.eu\/eu\/#organization","name":"Trikuarena \u2014 Ibon Plazaola Okariz","url":"http:\/\/trikuarena.eu\/eu\/","logo":{"@type":"ImageObject","inLanguage":"es","@id":"http:\/\/trikuarena.eu\/eu\/#\/schema\/logo\/image\/","url":"https:\/\/trikuarena.eu\/wp-content\/uploads\/2025\/03\/logo-agency.png","contentUrl":"https:\/\/trikuarena.eu\/wp-content\/uploads\/2025\/03\/logo-agency.png","width":200,"height":200,"caption":"Trikuarena \u2014 Ibon Plazaola Okariz"},"image":{"@id":"http:\/\/trikuarena.eu\/eu\/#\/schema\/logo\/image\/"}}]}},"_links":{"self":[{"href":"https:\/\/trikuarena.eu\/es\/wp-json\/wp\/v2\/pages\/309","targetHints":{"allow":["GET"]}}],"collection":[{"href":"https:\/\/trikuarena.eu\/es\/wp-json\/wp\/v2\/pages"}],"about":[{"href":"https:\/\/trikuarena.eu\/es\/wp-json\/wp\/v2\/types\/page"}],"author":[{"embeddable":true,"href":"https:\/\/trikuarena.eu\/es\/wp-json\/wp\/v2\/users\/1"}],"replies":[{"embeddable":true,"href":"https:\/\/trikuarena.eu\/es\/wp-json\/wp\/v2\/comments?post=309"}],"version-history":[{"count":23,"href":"https:\/\/trikuarena.eu\/es\/wp-json\/wp\/v2\/pages\/309\/revisions"}],"predecessor-version":[{"id":788,"href":"https:\/\/trikuarena.eu\/es\/wp-json\/wp\/v2\/pages\/309\/revisions\/788"}],"wp:attachment":[{"href":"https:\/\/trikuarena.eu\/es\/wp-json\/wp\/v2\/media?parent=309"}],"curies":[{"name":"wp","href":"https:\/\/api.w.org\/{rel}","templated":true}]}}