{"id":317,"date":"2025-03-19T11:06:02","date_gmt":"2025-03-19T10:06:02","guid":{"rendered":"https:\/\/trikuarena.eu\/?page_id=317"},"modified":"2025-07-23T15:47:47","modified_gmt":"2025-07-23T13:47:47","slug":"politica-de-cookies","status":"publish","type":"page","link":"https:\/\/trikuarena.eu\/es\/politica-de-cookies\/","title":{"rendered":"Pol\u00edtica de cookies"},"content":{"rendered":"<div data-elementor-type=\"wp-page\" data-elementor-id=\"317\" class=\"elementor elementor-317\" data-elementor-post-type=\"page\">\n\t\t\t\t\t\t<section class=\"elementor-section elementor-top-section elementor-element elementor-element-7c024cd8 elementor-section-content-top elementor-section-boxed elementor-section-height-default elementor-section-height-default\" data-id=\"7c024cd8\" data-element_type=\"section\" data-settings=\"{&quot;background_background&quot;:&quot;classic&quot;}\">\n\t\t\t\t\t\t<div class=\"elementor-container elementor-column-gap-wide\">\n\t\t\t\t\t<div class=\"elementor-column elementor-col-100 elementor-top-column elementor-element elementor-element-2ca766c0\" data-id=\"2ca766c0\" data-element_type=\"column\">\n\t\t\t<div class=\"elementor-widget-wrap elementor-element-populated\">\n\t\t\t\t\t\t<div class=\"elementor-element elementor-element-39aa3d09 elementor-widget elementor-widget-text-editor\" data-id=\"39aa3d09\" data-element_type=\"widget\" data-widget_type=\"text-editor.default\">\n\t\t\t\t<div class=\"elementor-widget-container\">\n\t\t\t\t\t\t\t\t\t<p>En el sitio web de Ibon Plazaola Okariz utilizamos cookies para mejorar la experiencia de los usuarios, facilitar la navegaci\u00f3n y optimizar el rendimiento de nuestro sitio web. A continuaci\u00f3n, te explicamos qu\u00e9 son las cookies, qu\u00e9 tipo de cookies utilizamos y c\u00f3mo puedes gestionarlas.<\/p><h4>\u00bfQu\u00e9 son las Cookies?<\/h4><p>Las cookies son peque\u00f1os archivos de texto que se almacenan en el dispositivo del usuario (ordenador, smartphone, tablet, etc.) cuando visita un sitio web. Estas cookies permiten que el sitio web recuerde informaci\u00f3n sobre tu visita, como el idioma preferido, los productos que has a\u00f1adido al carrito o tus preferencias de navegaci\u00f3n.<\/p><h4>Tipos de Cookies Utilizadas<\/h4><ol><li><strong>Cookies T\u00e9cnicas o Necesarias<\/strong>:<br \/>Estas cookies son esenciales para el funcionamiento del sitio web y permiten al usuario navegar por el sitio y utilizar sus funciones b\u00e1sicas, como el acceso a \u00e1reas seguras o el procesamiento de un pedido.<\/li><li><strong>Cookies de Preferencias<\/strong>:<br \/>Permiten recordar las preferencias del usuario, como el idioma o la configuraci\u00f3n regional, para mejorar la experiencia en futuras visitas.<\/li><li><strong>Cookies de An\u00e1lisis o Rendimiento<\/strong>:<br \/>Estas cookies recopilan informaci\u00f3n sobre c\u00f3mo los usuarios interact\u00faan con el sitio web, como las p\u00e1ginas que m\u00e1s visitan, los enlaces en los que hacen clic o el tiempo que pasan en el sitio. Esta informaci\u00f3n nos ayuda a mejorar el rendimiento y la funcionalidad del sitio web.<\/li><li><strong>Cookies de Publicidad o Marketing<\/strong>:<br \/>Utilizamos estas cookies para mostrar anuncios m\u00e1s relevantes para los usuarios en funci\u00f3n de sus intereses, tanto en nuestro sitio como en otros sitios web. Estas cookies tambi\u00e9n limitan el n\u00famero de veces que un usuario ve un anuncio y nos ayudan a medir la efectividad de nuestras campa\u00f1as publicitarias.<\/li><li><strong>Cookies de Terceros<\/strong>:<br \/>En algunas secciones de nuestro sitio web pueden instalarse cookies de terceros, como Google Analytics, para el an\u00e1lisis de datos y redes sociales (como botones de compartir). Estas cookies son gestionadas por terceros y no por Ibon Plazaola Okariz.<\/li><\/ol><h4><br \/>\u00bfC\u00f3mo gestionar las Cookies?<\/h4><p>Al acceder a nuestro sitio web por primera vez, ver\u00e1s un banner de cookies que te permitir\u00e1 aceptar o configurar el uso de las cookies de acuerdo con tus preferencias. En cualquier momento, puedes gestionar tus preferencias de cookies a trav\u00e9s de la configuraci\u00f3n de tu navegador:<\/p><ul><li><strong>Google Chrome<\/strong>: https:\/\/support.google.com\/chrome\/answer\/95647?hl=es<\/li><li><strong>Mozilla Firefox<\/strong>: https:\/\/support.mozilla.org\/es\/kb\/habilitar-y-deshabilitar-cookies-sitios-web-rastrear-preferencias<\/li><li><strong>Safari<\/strong>: https:\/\/support.apple.com\/es-es\/guide\/safari\/sfri11471\/mac<\/li><li><strong>Microsoft Edge<\/strong>: https:\/\/support.microsoft.com\/es-es\/microsoft-edge\/borrar-las-cookies-en-microsoft-edge-63947406-40ac-<br \/>c3b8-57b9-2a946a29ae09<\/li><\/ul><p>Si deshabilitas las cookies, es posible que algunas funcionalidades de nuestro sitio web no funcionen correctamente o que la experiencia del usuario se vea afectada.<\/p><h4>Cookies utilizadas en este sitio web<\/h4><p>A continuaci\u00f3n, ofrecemos un listado de las principales cookies utilizadas en nuestro sitio:<\/p><table><thead><tr><th><strong>Nombre de la cookie<\/strong><\/th><th><strong>Proveedor<\/strong><\/th><th><strong>Prop\u00f3sito<\/strong><\/th><th><strong>Duraci\u00f3n<\/strong><\/th><\/tr><\/thead><tbody><tr><td>CookieConsent<\/td><td>Propia<\/td><td>Almacena el consentimiento de cookies del usuario<\/td><td>1 a\u00f1o<\/td><\/tr><tr><td>_ga<\/td><td>Google<\/td><td>Se utiliza para distinguir a los usuarios<\/td><td>2 a\u00f1os<\/td><\/tr><tr><td>_gid<\/td><td>Google<\/td><td>Se utiliza para distinguir a los usuarios<\/td><td>24 horas<\/td><\/tr><tr><td>_gat<\/td><td>Google<\/td><td>Se utiliza para limitar el porcentaje de solicitudes<\/td><td>1 minuto<\/td><\/tr><\/tbody><\/table><h4>Actualizaciones y cambios en la Pol\u00edtica de Cookies<\/h4><p data-pm-slice=\"1 1 []\">Ibon Plazaola Okariz se reserva el derecho de modificar esta Pol\u00edtica de Cookies en cualquier momento. Cualquier cambio ser\u00e1 publicado en este sitio web. Te recomendamos revisar esta pol\u00edtica peri\u00f3dicamente para estar informado sobre c\u00f3mo utilizamos las cookies.<\/p><h4>Contacto<\/h4><p>Si tienes alguna pregunta sobre nuestra Pol\u00edtica de Cookies, puedes ponerte en contacto con nosotros en <a href=\"mailto:ibonplok@gmail.com\">ibonplok@trikuarena.eu<\/a><\/p>\t\t\t\t\t\t\t\t<\/div>\n\t\t\t\t<\/div>\n\t\t\t\t\t<\/div>\n\t\t<\/div>\n\t\t\t\t\t<\/div>\n\t\t<\/section>\n\t\t\t\t<\/div>","protected":false},"excerpt":{"rendered":"<p>En el sitio web de Ibon Plazaola Okariz utilizamos cookies para mejorar la experiencia de los usuarios, facilitar la navegaci\u00f3n y optimizar el rendimiento de nuestro sitio web. A continuaci\u00f3n, te explicamos qu\u00e9 son las cookies, qu\u00e9 tipo de cookies utilizamos y c\u00f3mo puedes gestionarlas. \u00bfQu\u00e9 son las Cookies? Las cookies son peque\u00f1os archivos de&hellip;&nbsp;<a href=\"https:\/\/trikuarena.eu\/es\/politica-de-cookies\/\" rel=\"bookmark\">Leer m\u00e1s &raquo;<span class=\"screen-reader-text\">Pol\u00edtica de cookies<\/span><\/a><\/p>","protected":false},"author":1,"featured_media":0,"parent":0,"menu_order":0,"comment_status":"closed","ping_status":"closed","template":"page-templates\/template-pagebuilder-full-width.php","meta":{"neve_meta_sidebar":"","neve_meta_container":"","neve_meta_enable_content_width":"off","neve_meta_content_width":100,"neve_meta_title_alignment":"","neve_meta_author_avatar":"","neve_post_elements_order":"","neve_meta_disable_header":"","neve_meta_disable_footer":"","neve_meta_disable_title":"","footnotes":""},"class_list":["post-317","page","type-page","status-publish","hentry"],"yoast_head":"<!-- This site is optimized with the Yoast SEO plugin v25.3.1 - https:\/\/yoast.com\/wordpress\/plugins\/seo\/ -->\n<title>Pol\u00edtica de cookies - Trikuarena \u2014 Ibon Plazaola Okariz<\/title>\n<meta name=\"robots\" content=\"index, follow, max-snippet:-1, max-image-preview:large, max-video-preview:-1\" \/>\n<link rel=\"canonical\" href=\"https:\/\/trikuarena.eu\/es\/politica-de-cookies\/\" \/>\n<meta property=\"og:locale\" content=\"es_ES\" \/>\n<meta property=\"og:type\" content=\"article\" \/>\n<meta property=\"og:title\" content=\"Pol\u00edtica de cookies - Trikuarena \u2014 Ibon Plazaola Okariz\" \/>\n<meta property=\"og:description\" content=\"En el sitio web de Ibon Plazaola Okariz utilizamos cookies para mejorar la experiencia de los usuarios, facilitar la navegaci\u00f3n y optimizar el rendimiento de nuestro sitio web. A continuaci\u00f3n, te explicamos qu\u00e9 son las cookies, qu\u00e9 tipo de cookies utilizamos y c\u00f3mo puedes gestionarlas. \u00bfQu\u00e9 son las Cookies? Las cookies son peque\u00f1os archivos de&hellip;&nbsp;Leer m\u00e1s &raquo;Pol\u00edtica de cookies\" \/>\n<meta property=\"og:url\" content=\"https:\/\/trikuarena.eu\/es\/politica-de-cookies\/\" \/>\n<meta property=\"og:site_name\" content=\"Trikuarena \u2014 Ibon Plazaola Okariz\" \/>\n<meta property=\"article:modified_time\" content=\"2025-07-23T13:47:47+00:00\" \/>\n<meta name=\"twitter:card\" content=\"summary_large_image\" \/>\n<meta name=\"twitter:label1\" content=\"Tiempo de lectura\" \/>\n\t<meta name=\"twitter:data1\" content=\"3 minutos\" \/>\n<script type=\"application\/ld+json\" class=\"yoast-schema-graph\">{\"@context\":\"https:\/\/schema.org\",\"@graph\":[{\"@type\":\"WebPage\",\"@id\":\"https:\/\/trikuarena.eu\/eu\/politica-de-cookies\/\",\"url\":\"https:\/\/trikuarena.eu\/eu\/politica-de-cookies\/\",\"name\":\"Pol\u00edtica de cookies - Trikuarena \u2014 Ibon Plazaola Okariz\",\"isPartOf\":{\"@id\":\"http:\/\/trikuarena.eu\/eu\/#website\"},\"datePublished\":\"2025-03-19T10:06:02+00:00\",\"dateModified\":\"2025-07-23T13:47:47+00:00\",\"breadcrumb\":{\"@id\":\"https:\/\/trikuarena.eu\/eu\/politica-de-cookies\/#breadcrumb\"},\"inLanguage\":\"es\",\"potentialAction\":[{\"@type\":\"ReadAction\",\"target\":[\"https:\/\/trikuarena.eu\/eu\/politica-de-cookies\/\"]}]},{\"@type\":\"BreadcrumbList\",\"@id\":\"https:\/\/trikuarena.eu\/eu\/politica-de-cookies\/#breadcrumb\",\"itemListElement\":[{\"@type\":\"ListItem\",\"position\":1,\"name\":\"Portada\",\"item\":\"https:\/\/trikuarena.eu\/\"},{\"@type\":\"ListItem\",\"position\":2,\"name\":\"Pol\u00edtica de cookies\"}]},{\"@type\":\"WebSite\",\"@id\":\"http:\/\/trikuarena.eu\/eu\/#website\",\"url\":\"http:\/\/trikuarena.eu\/eu\/\",\"name\":\"Trikuarena \u2014 Ibon Plazaola Okariz\",\"description\":\"Itzulpen- eta zuzenketa-zerbitzuak eskaintzen ditut\",\"publisher\":{\"@id\":\"http:\/\/trikuarena.eu\/eu\/#organization\"},\"potentialAction\":[{\"@type\":\"SearchAction\",\"target\":{\"@type\":\"EntryPoint\",\"urlTemplate\":\"http:\/\/trikuarena.eu\/eu\/?s={search_term_string}\"},\"query-input\":{\"@type\":\"PropertyValueSpecification\",\"valueRequired\":true,\"valueName\":\"search_term_string\"}}],\"inLanguage\":\"es\"},{\"@type\":\"Organization\",\"@id\":\"http:\/\/trikuarena.eu\/eu\/#organization\",\"name\":\"Trikuarena \u2014 Ibon Plazaola Okariz\",\"url\":\"http:\/\/trikuarena.eu\/eu\/\",\"logo\":{\"@type\":\"ImageObject\",\"inLanguage\":\"es\",\"@id\":\"http:\/\/trikuarena.eu\/eu\/#\/schema\/logo\/image\/\",\"url\":\"https:\/\/trikuarena.eu\/wp-content\/uploads\/2025\/03\/logo-agency.png\",\"contentUrl\":\"https:\/\/trikuarena.eu\/wp-content\/uploads\/2025\/03\/logo-agency.png\",\"width\":200,\"height\":200,\"caption\":\"Trikuarena \u2014 Ibon Plazaola Okariz\"},\"image\":{\"@id\":\"http:\/\/trikuarena.eu\/eu\/#\/schema\/logo\/image\/\"}}]}<\/script>\n<!-- \/ Yoast SEO plugin. -->","yoast_head_json":{"title":"Pol\u00edtica de cookies - Trikuarena \u2014 Ibon Plazaola Okariz","robots":{"index":"index","follow":"follow","max-snippet":"max-snippet:-1","max-image-preview":"max-image-preview:large","max-video-preview":"max-video-preview:-1"},"canonical":"https:\/\/trikuarena.eu\/es\/politica-de-cookies\/","og_locale":"es_ES","og_type":"article","og_title":"Pol\u00edtica de cookies - Trikuarena \u2014 Ibon Plazaola Okariz","og_description":"En el sitio web de Ibon Plazaola Okariz utilizamos cookies para mejorar la experiencia de los usuarios, facilitar la navegaci\u00f3n y optimizar el rendimiento de nuestro sitio web. A continuaci\u00f3n, te explicamos qu\u00e9 son las cookies, qu\u00e9 tipo de cookies utilizamos y c\u00f3mo puedes gestionarlas. \u00bfQu\u00e9 son las Cookies? Las cookies son peque\u00f1os archivos de&hellip;&nbsp;Leer m\u00e1s &raquo;Pol\u00edtica de cookies","og_url":"https:\/\/trikuarena.eu\/es\/politica-de-cookies\/","og_site_name":"Trikuarena \u2014 Ibon Plazaola Okariz","article_modified_time":"2025-07-23T13:47:47+00:00","twitter_card":"summary_large_image","twitter_misc":{"Tiempo de lectura":"3 minutos"},"schema":{"@context":"https:\/\/schema.org","@graph":[{"@type":"WebPage","@id":"https:\/\/trikuarena.eu\/eu\/politica-de-cookies\/","url":"https:\/\/trikuarena.eu\/eu\/politica-de-cookies\/","name":"Pol\u00edtica de cookies - Trikuarena \u2014 Ibon Plazaola Okariz","isPartOf":{"@id":"http:\/\/trikuarena.eu\/eu\/#website"},"datePublished":"2025-03-19T10:06:02+00:00","dateModified":"2025-07-23T13:47:47+00:00","breadcrumb":{"@id":"https:\/\/trikuarena.eu\/eu\/politica-de-cookies\/#breadcrumb"},"inLanguage":"es","potentialAction":[{"@type":"ReadAction","target":["https:\/\/trikuarena.eu\/eu\/politica-de-cookies\/"]}]},{"@type":"BreadcrumbList","@id":"https:\/\/trikuarena.eu\/eu\/politica-de-cookies\/#breadcrumb","itemListElement":[{"@type":"ListItem","position":1,"name":"Portada","item":"https:\/\/trikuarena.eu\/"},{"@type":"ListItem","position":2,"name":"Pol\u00edtica de cookies"}]},{"@type":"WebSite","@id":"http:\/\/trikuarena.eu\/eu\/#website","url":"http:\/\/trikuarena.eu\/eu\/","name":"Trikuarena \u2014 Ibon Plazaola Okariz","description":"Itzulpen- eta zuzenketa-zerbitzuak eskaintzen ditut","publisher":{"@id":"http:\/\/trikuarena.eu\/eu\/#organization"},"potentialAction":[{"@type":"SearchAction","target":{"@type":"EntryPoint","urlTemplate":"http:\/\/trikuarena.eu\/eu\/?s={search_term_string}"},"query-input":{"@type":"PropertyValueSpecification","valueRequired":true,"valueName":"search_term_string"}}],"inLanguage":"es"},{"@type":"Organization","@id":"http:\/\/trikuarena.eu\/eu\/#organization","name":"Trikuarena \u2014 Ibon Plazaola Okariz","url":"http:\/\/trikuarena.eu\/eu\/","logo":{"@type":"ImageObject","inLanguage":"es","@id":"http:\/\/trikuarena.eu\/eu\/#\/schema\/logo\/image\/","url":"https:\/\/trikuarena.eu\/wp-content\/uploads\/2025\/03\/logo-agency.png","contentUrl":"https:\/\/trikuarena.eu\/wp-content\/uploads\/2025\/03\/logo-agency.png","width":200,"height":200,"caption":"Trikuarena \u2014 Ibon Plazaola Okariz"},"image":{"@id":"http:\/\/trikuarena.eu\/eu\/#\/schema\/logo\/image\/"}}]}},"_links":{"self":[{"href":"https:\/\/trikuarena.eu\/es\/wp-json\/wp\/v2\/pages\/317","targetHints":{"allow":["GET"]}}],"collection":[{"href":"https:\/\/trikuarena.eu\/es\/wp-json\/wp\/v2\/pages"}],"about":[{"href":"https:\/\/trikuarena.eu\/es\/wp-json\/wp\/v2\/types\/page"}],"author":[{"embeddable":true,"href":"https:\/\/trikuarena.eu\/es\/wp-json\/wp\/v2\/users\/1"}],"replies":[{"embeddable":true,"href":"https:\/\/trikuarena.eu\/es\/wp-json\/wp\/v2\/comments?post=317"}],"version-history":[{"count":13,"href":"https:\/\/trikuarena.eu\/es\/wp-json\/wp\/v2\/pages\/317\/revisions"}],"predecessor-version":[{"id":658,"href":"https:\/\/trikuarena.eu\/es\/wp-json\/wp\/v2\/pages\/317\/revisions\/658"}],"wp:attachment":[{"href":"https:\/\/trikuarena.eu\/es\/wp-json\/wp\/v2\/media?parent=317"}],"curies":[{"name":"wp","href":"https:\/\/api.w.org\/{rel}","templated":true}]}}