{"id":220,"date":"2025-03-19T09:37:00","date_gmt":"2025-03-19T08:37:00","guid":{"rendered":"https:\/\/trikuarena.eu\/?page_id=220"},"modified":"2025-07-23T14:10:11","modified_gmt":"2025-07-23T12:10:11","slug":"contacto","status":"publish","type":"page","link":"https:\/\/trikuarena.eu\/fr\/contacto\/","title":{"rendered":"Contact"},"content":{"rendered":"<div data-elementor-type=\"wp-page\" data-elementor-id=\"220\" class=\"elementor elementor-220\" data-elementor-post-type=\"page\">\n\t\t\t\t\t\t<section class=\"elementor-section elementor-top-section elementor-element elementor-element-7c024cd8 elementor-section-content-top elementor-section-boxed elementor-section-height-default elementor-section-height-default\" data-id=\"7c024cd8\" data-element_type=\"section\" data-settings=\"{&quot;background_background&quot;:&quot;classic&quot;}\">\n\t\t\t\t\t\t<div class=\"elementor-container elementor-column-gap-wide\">\n\t\t\t\t\t<div class=\"elementor-column elementor-col-50 elementor-top-column elementor-element elementor-element-2ca766c0\" data-id=\"2ca766c0\" data-element_type=\"column\">\n\t\t\t<div class=\"elementor-widget-wrap elementor-element-populated\">\n\t\t\t\t\t\t<div class=\"elementor-element elementor-element-4077029 elementor-widget elementor-widget-image\" data-id=\"4077029\" data-element_type=\"widget\" data-widget_type=\"image.default\">\n\t\t\t\t<div class=\"elementor-widget-container\">\n\t\t\t\t\t\t\t\t\t\t\t\t\t\t\t<img fetchpriority=\"high\" decoding=\"async\" width=\"768\" height=\"256\" src=\"https:\/\/trikuarena.eu\/wp-content\/uploads\/2025\/07\/IBON_web01-768x256.jpg\" class=\"attachment-medium_large size-medium_large wp-image-639\" alt=\"\" srcset=\"https:\/\/trikuarena.eu\/wp-content\/uploads\/2025\/07\/IBON_web01-768x256.jpg 768w, https:\/\/trikuarena.eu\/wp-content\/uploads\/2025\/07\/IBON_web01-300x100.jpg 300w, https:\/\/trikuarena.eu\/wp-content\/uploads\/2025\/07\/IBON_web01-1024x341.jpg 1024w, https:\/\/trikuarena.eu\/wp-content\/uploads\/2025\/07\/IBON_web01-1536x511.jpg 1536w, https:\/\/trikuarena.eu\/wp-content\/uploads\/2025\/07\/IBON_web01-2048x682.jpg 2048w, https:\/\/trikuarena.eu\/wp-content\/uploads\/2025\/07\/IBON_web01-18x6.jpg 18w\" sizes=\"(max-width: 768px) 100vw, 768px\" \/>\t\t\t\t\t\t\t\t\t\t\t\t\t\t\t<\/div>\n\t\t\t\t<\/div>\n\t\t\t\t<div class=\"elementor-element elementor-element-460756fd elementor-widget elementor-widget-heading\" data-id=\"460756fd\" data-element_type=\"widget\" data-widget_type=\"heading.default\">\n\t\t\t\t<div class=\"elementor-widget-container\">\n\t\t\t\t\t<h2 class=\"elementor-heading-title elementor-size-default\">Contactez-moi !<\/h2>\t\t\t\t<\/div>\n\t\t\t\t<\/div>\n\t\t\t\t<div class=\"elementor-element elementor-element-39aa3d09 elementor-widget elementor-widget-text-editor\" data-id=\"39aa3d09\" data-element_type=\"widget\" data-widget_type=\"text-editor.default\">\n\t\t\t\t<div class=\"elementor-widget-container\">\n\t\t\t\t\t\t\t\t\t<p>Si vous souhaitez traduire, corriger, r\u00e9viser ou peaufiner un texte, je serai ravi de vous aider. \u00c9crivez-moi ou appelez-moi et dites-moi comment je peux vous aider \u00e0 r\u00e9pondre \u00e0 vos besoins. Je vous r\u00e9pondrai dans les plus brefs d\u00e9lais.<\/p>\t\t\t\t\t\t\t\t<\/div>\n\t\t\t\t<\/div>\n\t\t\t\t\t<\/div>\n\t\t<\/div>\n\t\t\t\t<div class=\"elementor-column elementor-col-50 elementor-top-column elementor-element elementor-element-4cd60e4c\" data-id=\"4cd60e4c\" data-element_type=\"column\" data-settings=\"{&quot;background_background&quot;:&quot;classic&quot;}\">\n\t\t\t<div class=\"elementor-widget-wrap elementor-element-populated\">\n\t\t\t\t<div class=\"elementor-element elementor-element-f893c82 e-flex e-con-boxed e-con e-parent\" data-id=\"f893c82\" data-element_type=\"container\" data-settings=\"{&quot;background_background&quot;:&quot;classic&quot;}\">\n\t\t\t\t\t<div class=\"e-con-inner\">\n\t\t\t\t<div class=\"elementor-element elementor-element-ef06f8f elementor-button-align-stretch elementor-widget elementor-widget-form\" data-id=\"ef06f8f\" data-element_type=\"widget\" data-settings=\"{&quot;step_next_label&quot;:&quot;Siguiente&quot;,&quot;step_previous_label&quot;:&quot;Anterior&quot;,&quot;button_width&quot;:&quot;100&quot;,&quot;step_type&quot;:&quot;number_text&quot;,&quot;step_icon_shape&quot;:&quot;circle&quot;}\" data-widget_type=\"form.default\">\n\t\t\t\t<div class=\"elementor-widget-container\">\n\t\t\t\t\t\t\t<form class=\"elementor-form\" method=\"post\" name=\"Nuevo formulario\" action=\"\">\n\t\t\t<input type=\"hidden\" name=\"post_id\" value=\"220\"\/>\n\t\t\t<input type=\"hidden\" name=\"form_id\" value=\"ef06f8f\"\/>\n\t\t\t<input type=\"hidden\" name=\"referer_title\" value=\"Kontaktua - Trikuarena | Ibon Plazaola Okariz\" \/>\n\n\t\t\t\t\t\t\t<input type=\"hidden\" name=\"queried_id\" value=\"220\"\/>\n\t\t\t\n\t\t\t<div class=\"elementor-form-fields-wrapper elementor-labels-\">\n\t\t\t\t\t\t\t\t<div class=\"elementor-field-type-text elementor-field-group elementor-column elementor-field-group-name elementor-col-100\">\n\t\t\t\t\t\t\t\t\t\t\t\t<label for=\"form-field-name\" class=\"elementor-field-label elementor-screen-only\">\n\t\t\t\t\t\t\t\tVotre nom\t\t\t\t\t\t\t<\/label>\n\t\t\t\t\t\t\t\t\t\t\t\t\t\t<input size=\"1\" type=\"text\" name=\"form_fields[name]\" id=\"form-field-name\" class=\"elementor-field elementor-size-sm  elementor-field-textual\" placeholder=\"Votre nom\">\n\t\t\t\t\t\t\t\t\t\t\t<\/div>\n\t\t\t\t\t\t\t\t<div class=\"elementor-field-type-tel elementor-field-group elementor-column elementor-field-group-field_418fc07 elementor-col-100 elementor-field-required\">\n\t\t\t\t\t\t\t\t\t\t\t\t<label for=\"form-field-field_418fc07\" class=\"elementor-field-label elementor-screen-only\">\n\t\t\t\t\t\t\t\tT\u00e9l\u00e9phone\t\t\t\t\t\t\t<\/label>\n\t\t\t\t\t\t\t\t<input size=\"1\" type=\"tel\" name=\"form_fields[field_418fc07]\" id=\"form-field-field_418fc07\" class=\"elementor-field elementor-size-sm  elementor-field-textual\" placeholder=\"T\u00e9l\u00e9phone\" required=\"required\" pattern=\"[0-9()#&amp;+*-=.]+\" title=\"Zenbakiak bakarrik eta telefono pertsonaiak (#, -, *, etab.) onartuko dira.\">\n\n\t\t\t\t\t\t<\/div>\n\t\t\t\t\t\t\t\t<div class=\"elementor-field-type-email elementor-field-group elementor-column elementor-field-group-email elementor-col-100 elementor-field-required\">\n\t\t\t\t\t\t\t\t\t\t\t\t<label for=\"form-field-email\" class=\"elementor-field-label elementor-screen-only\">\n\t\t\t\t\t\t\t\tE-mail\t\t\t\t\t\t\t<\/label>\n\t\t\t\t\t\t\t\t\t\t\t\t\t\t<input size=\"1\" type=\"email\" name=\"form_fields[email]\" id=\"form-field-email\" class=\"elementor-field elementor-size-sm  elementor-field-textual\" placeholder=\"E-mail\" required=\"required\">\n\t\t\t\t\t\t\t\t\t\t\t<\/div>\n\t\t\t\t\t\t\t\t<div class=\"elementor-field-type-textarea elementor-field-group elementor-column elementor-field-group-message elementor-col-100\">\n\t\t\t\t\t\t\t\t\t\t\t\t<label for=\"form-field-message\" class=\"elementor-field-label elementor-screen-only\">\n\t\t\t\t\t\t\t\tMessage\t\t\t\t\t\t\t<\/label>\n\t\t\t\t\t\t<textarea class=\"elementor-field-textual elementor-field  elementor-size-sm\" name=\"form_fields[message]\" id=\"form-field-message\" rows=\"4\" placeholder=\"Message\"><\/textarea>\t\t\t\t<\/div>\n\t\t\t\t\t\t\t\t<div class=\"elementor-field-type-acceptance elementor-field-group elementor-column elementor-field-group-field_92d0b20 elementor-col-100 elementor-field-required\">\n\t\t\t\t\t\t\t<div class=\"elementor-field-subgroup\">\n\t\t\t<span class=\"elementor-field-option\">\n\t\t\t\t<input type=\"checkbox\" name=\"form_fields[field_92d0b20]\" id=\"form-field-field_92d0b20\" class=\"elementor-field elementor-size-sm  elementor-acceptance-field\" required=\"required\">\n\t\t\t\t<label for=\"form-field-field_92d0b20\">J'ai lu et j'accepte la politique de confidentialit\u00e9.<\/label>\t\t\t<\/span>\n\t\t<\/div>\n\t\t\t\t\t\t<\/div>\n\t\t\t\t\t\t\t\t<div class=\"elementor-field-type-recaptcha_v3 elementor-field-group elementor-column elementor-field-group-field_f37ca7a elementor-col-100 recaptcha_v3-bottomright\">\n\t\t\t\t\t<div class=\"elementor-field\" id=\"form-field-field_f37ca7a\"><div class=\"elementor-g-recaptcha\" data-sitekey=\"6LeKVfkqAAAAADlT7NUPEARydSl2-fb2E6gfho6r\" data-type=\"v3\" data-action=\"Form\" data-badge=\"bottomright\" data-size=\"invisible\"><\/div><\/div>\t\t\t\t<\/div>\n\t\t\t\t\t\t\t\t<div class=\"elementor-field-group elementor-column elementor-field-type-submit elementor-col-100 e-form__buttons\">\n\t\t\t\t\t<button class=\"elementor-button elementor-size-sm\" type=\"submit\">\n\t\t\t\t\t\t<span class=\"elementor-button-content-wrapper\">\n\t\t\t\t\t\t\t\t\t\t\t\t\t\t\t\t\t\t\t\t\t\t<span class=\"elementor-button-text\">Envoyer<\/span>\n\t\t\t\t\t\t\t\t\t\t\t\t\t<\/span>\n\t\t\t\t\t<\/button>\n\t\t\t\t<\/div>\n\t\t\t<\/div>\n\t\t<input type=\"hidden\" name=\"trp-form-language\" value=\"fr\"\/><\/form>\n\t\t\t\t\t\t<\/div>\n\t\t\t\t<\/div>\n\t\t\t\t\t<\/div>\n\t\t\t\t<\/div>\n\t\t\t\t\t<\/div>\n\t\t<\/div>\n\t\t\t\t\t<\/div>\n\t\t<\/section>\n\t\t\t\t<\/div>","protected":false},"excerpt":{"rendered":"<p>Nirekin hitz egin nahi? Testu bat itzuli, zuzendu, orraztu edo hobetu nahi baduzu, pozarren lagunduko dizut. Idatzi edo deitu, eta esan zer behar duzun, albait lasterren erantzungo dizut eta.<\/p>","protected":false},"author":1,"featured_media":0,"parent":0,"menu_order":0,"comment_status":"closed","ping_status":"closed","template":"page-templates\/template-pagebuilder-full-width.php","meta":{"neve_meta_sidebar":"","neve_meta_container":"","neve_meta_enable_content_width":"off","neve_meta_content_width":100,"neve_meta_title_alignment":"","neve_meta_author_avatar":"","neve_post_elements_order":"","neve_meta_disable_header":"","neve_meta_disable_footer":"","neve_meta_disable_title":"","footnotes":""},"class_list":["post-220","page","type-page","status-publish","hentry"],"yoast_head":"<!-- This site is optimized with the Yoast SEO plugin v25.3.1 - https:\/\/yoast.com\/wordpress\/plugins\/seo\/ -->\n<title>Kontaktua - Trikuarena | Ibon Plazaola Okariz<\/title>\n<meta name=\"description\" content=\"Harremanetan jarri Ibon Plazaola Okarizekin itzulpen, zuzenketa eta editatze zerbitzuak eskatzeko. \u00a1Zure proiektua gurekin hasi!\" \/>\n<meta name=\"robots\" content=\"index, follow, max-snippet:-1, max-image-preview:large, max-video-preview:-1\" \/>\n<link rel=\"canonical\" href=\"https:\/\/trikuarena.eu\/fr\/contacto\/\" \/>\n<meta property=\"og:locale\" content=\"fr_FR\" \/>\n<meta property=\"og:type\" content=\"article\" \/>\n<meta property=\"og:title\" content=\"Kontaktua - Trikuarena | Ibon Plazaola Okariz\" \/>\n<meta property=\"og:description\" content=\"Harremanetan jarri Ibon Plazaola Okarizekin itzulpen, zuzenketa eta editatze zerbitzuak eskatzeko. \u00a1Zure proiektua gurekin hasi!\" \/>\n<meta property=\"og:url\" content=\"https:\/\/trikuarena.eu\/fr\/contacto\/\" \/>\n<meta property=\"og:site_name\" content=\"Trikuarena \u2014 Ibon Plazaola Okariz\" \/>\n<meta property=\"article:modified_time\" content=\"2025-07-23T12:10:11+00:00\" \/>\n<meta property=\"og:image\" content=\"http:\/\/trikuarena.eu\/wp-content\/uploads\/2025\/07\/IBON_web01-768x256.jpg\" \/>\n<meta name=\"twitter:card\" content=\"summary_large_image\" \/>\n<meta name=\"twitter:label1\" content=\"Dur\u00e9e de lecture estim\u00e9e\" \/>\n\t<meta name=\"twitter:data1\" content=\"1 minute\" \/>\n<script type=\"application\/ld+json\" class=\"yoast-schema-graph\">{\"@context\":\"https:\/\/schema.org\",\"@graph\":[{\"@type\":\"WebPage\",\"@id\":\"https:\/\/trikuarena.eu\/eu\/contacto\/\",\"url\":\"https:\/\/trikuarena.eu\/eu\/contacto\/\",\"name\":\"Kontaktua - Trikuarena | Ibon Plazaola Okariz\",\"isPartOf\":{\"@id\":\"http:\/\/trikuarena.eu\/eu\/#website\"},\"primaryImageOfPage\":{\"@id\":\"https:\/\/trikuarena.eu\/eu\/contacto\/#primaryimage\"},\"image\":{\"@id\":\"https:\/\/trikuarena.eu\/eu\/contacto\/#primaryimage\"},\"thumbnailUrl\":\"http:\/\/trikuarena.eu\/wp-content\/uploads\/2025\/07\/IBON_web01-768x256.jpg\",\"datePublished\":\"2025-03-19T08:37:00+00:00\",\"dateModified\":\"2025-07-23T12:10:11+00:00\",\"description\":\"Harremanetan jarri Ibon Plazaola Okarizekin itzulpen, zuzenketa eta editatze zerbitzuak eskatzeko. \u00a1Zure proiektua gurekin hasi!\",\"breadcrumb\":{\"@id\":\"https:\/\/trikuarena.eu\/eu\/contacto\/#breadcrumb\"},\"inLanguage\":\"fr-FR\",\"potentialAction\":[{\"@type\":\"ReadAction\",\"target\":[\"https:\/\/trikuarena.eu\/eu\/contacto\/\"]}]},{\"@type\":\"ImageObject\",\"inLanguage\":\"fr-FR\",\"@id\":\"https:\/\/trikuarena.eu\/eu\/contacto\/#primaryimage\",\"url\":\"http:\/\/trikuarena.eu\/wp-content\/uploads\/2025\/07\/IBON_web01-768x256.jpg\",\"contentUrl\":\"http:\/\/trikuarena.eu\/wp-content\/uploads\/2025\/07\/IBON_web01-768x256.jpg\"},{\"@type\":\"BreadcrumbList\",\"@id\":\"https:\/\/trikuarena.eu\/eu\/contacto\/#breadcrumb\",\"itemListElement\":[{\"@type\":\"ListItem\",\"position\":1,\"name\":\"Portada\",\"item\":\"https:\/\/trikuarena.eu\/\"},{\"@type\":\"ListItem\",\"position\":2,\"name\":\"Kontaktua\"}]},{\"@type\":\"WebSite\",\"@id\":\"http:\/\/trikuarena.eu\/eu\/#website\",\"url\":\"http:\/\/trikuarena.eu\/eu\/\",\"name\":\"Trikuarena \u2014 Ibon Plazaola Okariz\",\"description\":\"Itzulpen- eta zuzenketa-zerbitzuak eskaintzen ditut\",\"publisher\":{\"@id\":\"http:\/\/trikuarena.eu\/eu\/#organization\"},\"potentialAction\":[{\"@type\":\"SearchAction\",\"target\":{\"@type\":\"EntryPoint\",\"urlTemplate\":\"http:\/\/trikuarena.eu\/eu\/?s={search_term_string}\"},\"query-input\":{\"@type\":\"PropertyValueSpecification\",\"valueRequired\":true,\"valueName\":\"search_term_string\"}}],\"inLanguage\":\"fr-FR\"},{\"@type\":\"Organization\",\"@id\":\"http:\/\/trikuarena.eu\/eu\/#organization\",\"name\":\"Trikuarena \u2014 Ibon Plazaola Okariz\",\"url\":\"http:\/\/trikuarena.eu\/eu\/\",\"logo\":{\"@type\":\"ImageObject\",\"inLanguage\":\"fr-FR\",\"@id\":\"http:\/\/trikuarena.eu\/eu\/#\/schema\/logo\/image\/\",\"url\":\"https:\/\/trikuarena.eu\/wp-content\/uploads\/2025\/03\/logo-agency.png\",\"contentUrl\":\"https:\/\/trikuarena.eu\/wp-content\/uploads\/2025\/03\/logo-agency.png\",\"width\":200,\"height\":200,\"caption\":\"Trikuarena \u2014 Ibon Plazaola Okariz\"},\"image\":{\"@id\":\"http:\/\/trikuarena.eu\/eu\/#\/schema\/logo\/image\/\"}}]}<\/script>\n<!-- \/ Yoast SEO plugin. -->","yoast_head_json":{"title":"Kontaktua - Trikuarena | Ibon Plazaola Okariz","description":"Harremanetan jarri Ibon Plazaola Okarizekin itzulpen, zuzenketa eta editatze zerbitzuak eskatzeko. \u00a1Zure proiektua gurekin hasi!","robots":{"index":"index","follow":"follow","max-snippet":"max-snippet:-1","max-image-preview":"max-image-preview:large","max-video-preview":"max-video-preview:-1"},"canonical":"https:\/\/trikuarena.eu\/fr\/contacto\/","og_locale":"fr_FR","og_type":"article","og_title":"Kontaktua - Trikuarena | Ibon Plazaola Okariz","og_description":"Harremanetan jarri Ibon Plazaola Okarizekin itzulpen, zuzenketa eta editatze zerbitzuak eskatzeko. \u00a1Zure proiektua gurekin hasi!","og_url":"https:\/\/trikuarena.eu\/fr\/contacto\/","og_site_name":"Trikuarena \u2014 Ibon Plazaola Okariz","article_modified_time":"2025-07-23T12:10:11+00:00","og_image":[{"url":"http:\/\/trikuarena.eu\/wp-content\/uploads\/2025\/07\/IBON_web01-768x256.jpg","type":"","width":"","height":""}],"twitter_card":"summary_large_image","twitter_misc":{"Dur\u00e9e de lecture estim\u00e9e":"1 minute"},"schema":{"@context":"https:\/\/schema.org","@graph":[{"@type":"WebPage","@id":"https:\/\/trikuarena.eu\/eu\/contacto\/","url":"https:\/\/trikuarena.eu\/eu\/contacto\/","name":"Kontaktua - Trikuarena | Ibon Plazaola Okariz","isPartOf":{"@id":"http:\/\/trikuarena.eu\/eu\/#website"},"primaryImageOfPage":{"@id":"https:\/\/trikuarena.eu\/eu\/contacto\/#primaryimage"},"image":{"@id":"https:\/\/trikuarena.eu\/eu\/contacto\/#primaryimage"},"thumbnailUrl":"http:\/\/trikuarena.eu\/wp-content\/uploads\/2025\/07\/IBON_web01-768x256.jpg","datePublished":"2025-03-19T08:37:00+00:00","dateModified":"2025-07-23T12:10:11+00:00","description":"Harremanetan jarri Ibon Plazaola Okarizekin itzulpen, zuzenketa eta editatze zerbitzuak eskatzeko. \u00a1Zure proiektua gurekin hasi!","breadcrumb":{"@id":"https:\/\/trikuarena.eu\/eu\/contacto\/#breadcrumb"},"inLanguage":"fr-FR","potentialAction":[{"@type":"ReadAction","target":["https:\/\/trikuarena.eu\/eu\/contacto\/"]}]},{"@type":"ImageObject","inLanguage":"fr-FR","@id":"https:\/\/trikuarena.eu\/eu\/contacto\/#primaryimage","url":"http:\/\/trikuarena.eu\/wp-content\/uploads\/2025\/07\/IBON_web01-768x256.jpg","contentUrl":"http:\/\/trikuarena.eu\/wp-content\/uploads\/2025\/07\/IBON_web01-768x256.jpg"},{"@type":"BreadcrumbList","@id":"https:\/\/trikuarena.eu\/eu\/contacto\/#breadcrumb","itemListElement":[{"@type":"ListItem","position":1,"name":"Portada","item":"https:\/\/trikuarena.eu\/"},{"@type":"ListItem","position":2,"name":"Kontaktua"}]},{"@type":"WebSite","@id":"http:\/\/trikuarena.eu\/eu\/#website","url":"http:\/\/trikuarena.eu\/eu\/","name":"Trikuarena \u2014 Ibon Plazaola Okariz","description":"Itzulpen- eta zuzenketa-zerbitzuak eskaintzen ditut","publisher":{"@id":"http:\/\/trikuarena.eu\/eu\/#organization"},"potentialAction":[{"@type":"SearchAction","target":{"@type":"EntryPoint","urlTemplate":"http:\/\/trikuarena.eu\/eu\/?s={search_term_string}"},"query-input":{"@type":"PropertyValueSpecification","valueRequired":true,"valueName":"search_term_string"}}],"inLanguage":"fr-FR"},{"@type":"Organization","@id":"http:\/\/trikuarena.eu\/eu\/#organization","name":"Trikuarena \u2014 Ibon Plazaola Okariz","url":"http:\/\/trikuarena.eu\/eu\/","logo":{"@type":"ImageObject","inLanguage":"fr-FR","@id":"http:\/\/trikuarena.eu\/eu\/#\/schema\/logo\/image\/","url":"https:\/\/trikuarena.eu\/wp-content\/uploads\/2025\/03\/logo-agency.png","contentUrl":"https:\/\/trikuarena.eu\/wp-content\/uploads\/2025\/03\/logo-agency.png","width":200,"height":200,"caption":"Trikuarena \u2014 Ibon Plazaola Okariz"},"image":{"@id":"http:\/\/trikuarena.eu\/eu\/#\/schema\/logo\/image\/"}}]}},"_links":{"self":[{"href":"https:\/\/trikuarena.eu\/fr\/wp-json\/wp\/v2\/pages\/220","targetHints":{"allow":["GET"]}}],"collection":[{"href":"https:\/\/trikuarena.eu\/fr\/wp-json\/wp\/v2\/pages"}],"about":[{"href":"https:\/\/trikuarena.eu\/fr\/wp-json\/wp\/v2\/types\/page"}],"author":[{"embeddable":true,"href":"https:\/\/trikuarena.eu\/fr\/wp-json\/wp\/v2\/users\/1"}],"replies":[{"embeddable":true,"href":"https:\/\/trikuarena.eu\/fr\/wp-json\/wp\/v2\/comments?post=220"}],"version-history":[{"count":60,"href":"https:\/\/trikuarena.eu\/fr\/wp-json\/wp\/v2\/pages\/220\/revisions"}],"predecessor-version":[{"id":642,"href":"https:\/\/trikuarena.eu\/fr\/wp-json\/wp\/v2\/pages\/220\/revisions\/642"}],"wp:attachment":[{"href":"https:\/\/trikuarena.eu\/fr\/wp-json\/wp\/v2\/media?parent=220"}],"curies":[{"name":"wp","href":"https:\/\/api.w.org\/{rel}","templated":true}]}}