{"id":325,"date":"2025-03-19T11:07:04","date_gmt":"2025-03-19T10:07:04","guid":{"rendered":"https:\/\/trikuarena.eu\/?page_id=325"},"modified":"2025-07-23T15:50:25","modified_gmt":"2025-07-23T13:50:25","slug":"aviso-legal","status":"publish","type":"page","link":"https:\/\/trikuarena.eu\/fr\/aviso-legal\/","title":{"rendered":"Aviso legal"},"content":{"rendered":"<div data-elementor-type=\"wp-page\" data-elementor-id=\"325\" class=\"elementor elementor-325\" data-elementor-post-type=\"page\">\n\t\t\t\t\t\t<section class=\"elementor-section elementor-top-section elementor-element elementor-element-7c024cd8 elementor-section-content-top elementor-section-boxed elementor-section-height-default elementor-section-height-default\" data-id=\"7c024cd8\" data-element_type=\"section\" data-settings=\"{&quot;background_background&quot;:&quot;classic&quot;}\">\n\t\t\t\t\t\t<div class=\"elementor-container elementor-column-gap-wide\">\n\t\t\t\t\t<div class=\"elementor-column elementor-col-100 elementor-top-column elementor-element elementor-element-2ca766c0\" data-id=\"2ca766c0\" data-element_type=\"column\">\n\t\t\t<div class=\"elementor-widget-wrap elementor-element-populated\">\n\t\t\t\t\t\t<div class=\"elementor-element elementor-element-39aa3d09 elementor-widget elementor-widget-text-editor\" data-id=\"39aa3d09\" data-element_type=\"widget\" data-widget_type=\"text-editor.default\">\n\t\t\t\t<div class=\"elementor-widget-container\">\n\t\t\t\t\t\t\t\t\t<p>En cumplimiento con lo dispuesto en la Ley 34\/2002, de 11 de julio, de Servicios de la Sociedad de la Informaci\u00f3n y de Comercio Electr\u00f3nico (LSSI-CE), se informa de los siguientes aspectos legales de este sitio web:<\/p><h4>Titularidad del Sitio Web<\/h4><ul><li><strong>Raz\u00f3n social<\/strong>: Ibon Plazaola Okariz<\/li><li><strong>CIF<\/strong>: 72454796N<\/li><li><strong>Domicilio fiscal y social<\/strong>: Ospitale kalea 2, 01208 Narbaiza (Araba)<\/li><li><strong>Correo electr\u00f3nico<\/strong>: <a href=\"mailto:ibonplok@gmail.com\">ibonplok@trikuarena.eu<\/a><\/li><\/ul><h4><br \/>Condiciones de uso<\/h4><p>El acceso y uso del sitio web de Ibon Plazaola Okariz. atribuye la condici\u00f3n de usuario, e implica la aceptaci\u00f3n plena y sin reservas de todas y cada una de las disposiciones incluidas en este Aviso Legal, en la versi\u00f3n publicada por Eric Massot Torne en el mismo momento en que el usuario acceda al sitio web.<\/p><h4>Propiedad Intelectual e Industrial<\/h4><p>Todos los contenidos del sitio web, entendiendo por estos, a t\u00edtulo enunciativo, los textos, fotograf\u00edas, gr\u00e1ficos, im\u00e1genes, iconos, tecnolog\u00eda, software, y dem\u00e1s contenidos audiovisuales o sonoros, as\u00ed como su dise\u00f1o gr\u00e1fico y c\u00f3digos fuente, son propiedad intelectual de Ibon Plazaola Okariz, sin que puedan entenderse cedidos al usuario ninguno de los derechos de explotaci\u00f3n sobre los mismos m\u00e1s all\u00e1 de lo estrictamente necesario para el correcto uso del sitio web.<\/p><h4>Protecci\u00f3n de Datos<\/h4><p>Ibon Plazaola Okariz cumple con la normativa vigente en materia de protecci\u00f3n de datos, y asegura la correcta gesti\u00f3n de los datos de car\u00e1cter personal que puedan recabarse a trav\u00e9s de los formularios de contacto en el sitio web, de acuerdo con lo dispuesto en el Reglamento (UE) 2016\/679 (Reglamento General de Protecci\u00f3n de Datos).<\/p><h4>Responsabilidad de los Contenidos<\/h4><p>Ibon Plazaola Okariz no se responsabiliza de la legalidad de otros sitios web de terceros desde los que pueda accederse a este sitio web. Tampoco responde por la legalidad de otros sitios web de terceros que pudieran estar vinculados o enlazados desde este sitio web.<\/p><h4>Legislaci\u00f3n y Jurisdicci\u00f3n Aplicable<\/h4><p>La relaci\u00f3n entre Ibon Plazaola Okariz y el usuario se regir\u00e1 por la normativa espa\u00f1ola vigente, y cualquier controversia se someter\u00e1 a los Juzgados y Tribunales de la ciudad del Pa\u00eds Vasco, salvo que la legislaci\u00f3n aplicable disponga otra cosa.<\/p><p>Para m\u00e1s informaci\u00f3n o cualquier duda sobre este Aviso Legal, por favor p\u00f3ngase en contacto con nosotros a trav\u00e9s del correo electr\u00f3nico: <a href=\"mailto:ibonplok@gmail.com\">ibonplok@trikuarena.eu<\/a><\/p>\t\t\t\t\t\t\t\t<\/div>\n\t\t\t\t<\/div>\n\t\t\t\t\t<\/div>\n\t\t<\/div>\n\t\t\t\t\t<\/div>\n\t\t<\/section>\n\t\t\t\t<\/div>","protected":false},"excerpt":{"rendered":"<p>En cumplimiento con lo dispuesto en la Ley 34\/2002, de 11 de julio, de Servicios de la Sociedad de la Informaci\u00f3n y de Comercio Electr\u00f3nico (LSSI-CE), se informa de los siguientes aspectos legales de este sitio web: Titularidad del Sitio Web Raz\u00f3n social: Ibon Plazaola Okariz CIF: 72454796N Domicilio fiscal y social: Ospitale kalea 2,&hellip;&nbsp;<a href=\"https:\/\/trikuarena.eu\/fr\/aviso-legal\/\" rel=\"bookmark\">Lire la suite &raquo;<span class=\"screen-reader-text\">Aviso legal<\/span><\/a><\/p>","protected":false},"author":1,"featured_media":0,"parent":0,"menu_order":0,"comment_status":"closed","ping_status":"closed","template":"page-templates\/template-pagebuilder-full-width.php","meta":{"neve_meta_sidebar":"","neve_meta_container":"","neve_meta_enable_content_width":"off","neve_meta_content_width":100,"neve_meta_title_alignment":"","neve_meta_author_avatar":"","neve_post_elements_order":"","neve_meta_disable_header":"","neve_meta_disable_footer":"","neve_meta_disable_title":"","footnotes":""},"class_list":["post-325","page","type-page","status-publish","hentry"],"yoast_head":"<!-- This site is optimized with the Yoast SEO plugin v25.3.1 - https:\/\/yoast.com\/wordpress\/plugins\/seo\/ -->\n<title>Aviso legal - Trikuarena \u2014 Ibon Plazaola Okariz<\/title>\n<meta name=\"robots\" content=\"index, follow, max-snippet:-1, max-image-preview:large, max-video-preview:-1\" \/>\n<link rel=\"canonical\" href=\"http:\/\/trikuarena.eu\/fr\/aviso-legal\/\" \/>\n<meta property=\"og:locale\" content=\"fr_FR\" \/>\n<meta property=\"og:type\" content=\"article\" \/>\n<meta property=\"og:title\" content=\"Aviso legal - Trikuarena \u2014 Ibon Plazaola Okariz\" \/>\n<meta property=\"og:description\" content=\"En cumplimiento con lo dispuesto en la Ley 34\/2002, de 11 de julio, de Servicios de la Sociedad de la Informaci\u00f3n y de Comercio Electr\u00f3nico (LSSI-CE), se informa de los siguientes aspectos legales de este sitio web: Titularidad del Sitio Web Raz\u00f3n social: Ibon Plazaola Okariz CIF: 72454796N Domicilio fiscal y social: Ospitale kalea 2,&hellip;&nbsp;Lire la suite &raquo;Aviso legal\" \/>\n<meta property=\"og:url\" content=\"http:\/\/trikuarena.eu\/fr\/aviso-legal\/\" \/>\n<meta property=\"og:site_name\" content=\"Trikuarena \u2014 Ibon Plazaola Okariz\" \/>\n<meta property=\"article:modified_time\" content=\"2025-07-23T13:50:25+00:00\" \/>\n<meta name=\"twitter:card\" content=\"summary_large_image\" \/>\n<meta name=\"twitter:label1\" content=\"Dur\u00e9e de lecture estim\u00e9e\" \/>\n\t<meta name=\"twitter:data1\" content=\"2 minutes\" \/>\n<script type=\"application\/ld+json\" class=\"yoast-schema-graph\">{\"@context\":\"https:\/\/schema.org\",\"@graph\":[{\"@type\":\"WebPage\",\"@id\":\"http:\/\/trikuarena.eu\/eu\/aviso-legal\/\",\"url\":\"http:\/\/trikuarena.eu\/eu\/aviso-legal\/\",\"name\":\"Aviso legal - Trikuarena \u2014 Ibon Plazaola Okariz\",\"isPartOf\":{\"@id\":\"http:\/\/trikuarena.eu\/eu\/#website\"},\"datePublished\":\"2025-03-19T10:07:04+00:00\",\"dateModified\":\"2025-07-23T13:50:25+00:00\",\"breadcrumb\":{\"@id\":\"http:\/\/trikuarena.eu\/eu\/aviso-legal\/#breadcrumb\"},\"inLanguage\":\"fr-FR\",\"potentialAction\":[{\"@type\":\"ReadAction\",\"target\":[\"http:\/\/trikuarena.eu\/eu\/aviso-legal\/\"]}]},{\"@type\":\"BreadcrumbList\",\"@id\":\"http:\/\/trikuarena.eu\/eu\/aviso-legal\/#breadcrumb\",\"itemListElement\":[{\"@type\":\"ListItem\",\"position\":1,\"name\":\"Portada\",\"item\":\"https:\/\/trikuarena.eu\/\"},{\"@type\":\"ListItem\",\"position\":2,\"name\":\"Aviso legal\"}]},{\"@type\":\"WebSite\",\"@id\":\"http:\/\/trikuarena.eu\/eu\/#website\",\"url\":\"http:\/\/trikuarena.eu\/eu\/\",\"name\":\"Trikuarena \u2014 Ibon Plazaola Okariz\",\"description\":\"Itzulpen- eta zuzenketa-zerbitzuak eskaintzen ditut\",\"publisher\":{\"@id\":\"http:\/\/trikuarena.eu\/eu\/#organization\"},\"potentialAction\":[{\"@type\":\"SearchAction\",\"target\":{\"@type\":\"EntryPoint\",\"urlTemplate\":\"http:\/\/trikuarena.eu\/eu\/?s={search_term_string}\"},\"query-input\":{\"@type\":\"PropertyValueSpecification\",\"valueRequired\":true,\"valueName\":\"search_term_string\"}}],\"inLanguage\":\"fr-FR\"},{\"@type\":\"Organization\",\"@id\":\"http:\/\/trikuarena.eu\/eu\/#organization\",\"name\":\"Trikuarena \u2014 Ibon Plazaola Okariz\",\"url\":\"http:\/\/trikuarena.eu\/eu\/\",\"logo\":{\"@type\":\"ImageObject\",\"inLanguage\":\"fr-FR\",\"@id\":\"http:\/\/trikuarena.eu\/eu\/#\/schema\/logo\/image\/\",\"url\":\"https:\/\/trikuarena.eu\/wp-content\/uploads\/2025\/03\/logo-agency.png\",\"contentUrl\":\"https:\/\/trikuarena.eu\/wp-content\/uploads\/2025\/03\/logo-agency.png\",\"width\":200,\"height\":200,\"caption\":\"Trikuarena \u2014 Ibon Plazaola Okariz\"},\"image\":{\"@id\":\"http:\/\/trikuarena.eu\/eu\/#\/schema\/logo\/image\/\"}}]}<\/script>\n<!-- \/ Yoast SEO plugin. -->","yoast_head_json":{"title":"Aviso legal - Trikuarena \u2014 Ibon Plazaola Okariz","robots":{"index":"index","follow":"follow","max-snippet":"max-snippet:-1","max-image-preview":"max-image-preview:large","max-video-preview":"max-video-preview:-1"},"canonical":"http:\/\/trikuarena.eu\/fr\/aviso-legal\/","og_locale":"fr_FR","og_type":"article","og_title":"Aviso legal - Trikuarena \u2014 Ibon Plazaola Okariz","og_description":"En cumplimiento con lo dispuesto en la Ley 34\/2002, de 11 de julio, de Servicios de la Sociedad de la Informaci\u00f3n y de Comercio Electr\u00f3nico (LSSI-CE), se informa de los siguientes aspectos legales de este sitio web: Titularidad del Sitio Web Raz\u00f3n social: Ibon Plazaola Okariz CIF: 72454796N Domicilio fiscal y social: Ospitale kalea 2,&hellip;&nbsp;Lire la suite &raquo;Aviso legal","og_url":"http:\/\/trikuarena.eu\/fr\/aviso-legal\/","og_site_name":"Trikuarena \u2014 Ibon Plazaola Okariz","article_modified_time":"2025-07-23T13:50:25+00:00","twitter_card":"summary_large_image","twitter_misc":{"Dur\u00e9e de lecture estim\u00e9e":"2 minutes"},"schema":{"@context":"https:\/\/schema.org","@graph":[{"@type":"WebPage","@id":"http:\/\/trikuarena.eu\/eu\/aviso-legal\/","url":"http:\/\/trikuarena.eu\/eu\/aviso-legal\/","name":"Aviso legal - Trikuarena \u2014 Ibon Plazaola Okariz","isPartOf":{"@id":"http:\/\/trikuarena.eu\/eu\/#website"},"datePublished":"2025-03-19T10:07:04+00:00","dateModified":"2025-07-23T13:50:25+00:00","breadcrumb":{"@id":"http:\/\/trikuarena.eu\/eu\/aviso-legal\/#breadcrumb"},"inLanguage":"fr-FR","potentialAction":[{"@type":"ReadAction","target":["http:\/\/trikuarena.eu\/eu\/aviso-legal\/"]}]},{"@type":"BreadcrumbList","@id":"http:\/\/trikuarena.eu\/eu\/aviso-legal\/#breadcrumb","itemListElement":[{"@type":"ListItem","position":1,"name":"Portada","item":"https:\/\/trikuarena.eu\/"},{"@type":"ListItem","position":2,"name":"Aviso legal"}]},{"@type":"WebSite","@id":"http:\/\/trikuarena.eu\/eu\/#website","url":"http:\/\/trikuarena.eu\/eu\/","name":"Trikuarena \u2014 Ibon Plazaola Okariz","description":"Itzulpen- eta zuzenketa-zerbitzuak eskaintzen ditut","publisher":{"@id":"http:\/\/trikuarena.eu\/eu\/#organization"},"potentialAction":[{"@type":"SearchAction","target":{"@type":"EntryPoint","urlTemplate":"http:\/\/trikuarena.eu\/eu\/?s={search_term_string}"},"query-input":{"@type":"PropertyValueSpecification","valueRequired":true,"valueName":"search_term_string"}}],"inLanguage":"fr-FR"},{"@type":"Organization","@id":"http:\/\/trikuarena.eu\/eu\/#organization","name":"Trikuarena \u2014 Ibon Plazaola Okariz","url":"http:\/\/trikuarena.eu\/eu\/","logo":{"@type":"ImageObject","inLanguage":"fr-FR","@id":"http:\/\/trikuarena.eu\/eu\/#\/schema\/logo\/image\/","url":"https:\/\/trikuarena.eu\/wp-content\/uploads\/2025\/03\/logo-agency.png","contentUrl":"https:\/\/trikuarena.eu\/wp-content\/uploads\/2025\/03\/logo-agency.png","width":200,"height":200,"caption":"Trikuarena \u2014 Ibon Plazaola Okariz"},"image":{"@id":"http:\/\/trikuarena.eu\/eu\/#\/schema\/logo\/image\/"}}]}},"_links":{"self":[{"href":"https:\/\/trikuarena.eu\/fr\/wp-json\/wp\/v2\/pages\/325","targetHints":{"allow":["GET"]}}],"collection":[{"href":"https:\/\/trikuarena.eu\/fr\/wp-json\/wp\/v2\/pages"}],"about":[{"href":"https:\/\/trikuarena.eu\/fr\/wp-json\/wp\/v2\/types\/page"}],"author":[{"embeddable":true,"href":"https:\/\/trikuarena.eu\/fr\/wp-json\/wp\/v2\/users\/1"}],"replies":[{"embeddable":true,"href":"https:\/\/trikuarena.eu\/fr\/wp-json\/wp\/v2\/comments?post=325"}],"version-history":[{"count":10,"href":"https:\/\/trikuarena.eu\/fr\/wp-json\/wp\/v2\/pages\/325\/revisions"}],"predecessor-version":[{"id":661,"href":"https:\/\/trikuarena.eu\/fr\/wp-json\/wp\/v2\/pages\/325\/revisions\/661"}],"wp:attachment":[{"href":"https:\/\/trikuarena.eu\/fr\/wp-json\/wp\/v2\/media?parent=325"}],"curies":[{"name":"wp","href":"https:\/\/api.w.org\/{rel}","templated":true}]}}